{"id":216,"date":"2024-10-24T22:36:56","date_gmt":"2024-10-24T20:36:56","guid":{"rendered":"https:\/\/mm.lankau.net\/?page_id=216"},"modified":"2024-10-24T23:34:49","modified_gmt":"2024-10-24T21:34:49","slug":"impressum","status":"publish","type":"page","link":"https:\/\/mindsmerger.com\/de\/impressum\/","title":{"rendered":"Impressum"},"content":{"rendered":"<p>[et_pb_section fb_built=&#8221;1&#8243; _builder_version=&#8221;4.27.2&#8243; _module_preset=&#8221;default&#8221; background_color=&#8221;#FFFFFF&#8221; global_colors_info=&#8221;{}&#8221;][et_pb_row _builder_version=&#8221;4.27.2&#8243; _module_preset=&#8221;default&#8221; global_colors_info=&#8221;{}&#8221;][et_pb_column type=&#8221;4_4&#8243; _builder_version=&#8221;4.27.2&#8243; _module_preset=&#8221;default&#8221; global_colors_info=&#8221;{}&#8221;][et_pb_text _builder_version=&#8221;4.27.2&#8243; _module_preset=&#8221;default&#8221; hover_enabled=&#8221;0&#8243; global_colors_info=&#8221;{}&#8221; sticky_enabled=&#8221;0&#8243;]<\/p>\n<h3>Impressum<\/h3>\n<p>&nbsp;<\/p>\n<h4 id=\"m46\">Diensteanbieter<\/h4>\n<p><strong>MindsMerger GmbH<\/strong><br \/>\nHansaallee 190<br \/>\n40547 D\u00fcsseldorf<br \/>\nGermany<\/p>\n<div role=\"note\" class=\"hatnote navigation-not-searchable plainlinks selfreference noprint\">\n<p><span><strong>Gesch\u00e4ftsf\u00fchrer<\/strong>: Houssam Sammour<\/span><\/p>\n<\/div>\n<div role=\"note\" class=\"hatnote navigation-not-searchable plainlinks selfreference noprint\"><span><strong>Registergericht<\/strong>: Amtsgericht D\u00fcsseldorf<\/span><\/div>\n<div role=\"note\" class=\"hatnote navigation-not-searchable plainlinks selfreference noprint\"><span><strong>Registernummer<\/strong>: HRB 97577<\/span><\/div>\n<div role=\"note\" class=\"hatnote navigation-not-searchable plainlinks selfreference noprint\"><span><\/span><\/div>\n<p><\/p>\n<h4 id=\"m56\">Kontaktm\u00f6glichkeiten<\/h4>\n<p>E-Mail-Adresse: <a href=\"mailto:contact@mindsmerger.com\">contact@mindsmerger.com<\/a><br \/>\nTelefon: +49 173 73 63 292<br \/>\nKontaktformular: <a href=\"https:\/\/mindsmerger.com\/de\/contact\/\" target=\"_blank\" rel=\"noopener\">https:\/\/mindsmerger.com\/contact\/<\/a><\/p>\n<h4 id=\"m65\">Haftungs- und Schutzrechtshinweise<\/h4>\n<p>Haftungsausschluss: Die Inhalte dieses Onlineangebotes wurden sorgf\u00e4ltig und nach unserem aktuellen Kenntnisstand erstellt, dienen jedoch nur der Information und entfalten keine rechtlich bindende Wirkung, sofern es sich nicht um gesetzlich verpflichtende Informationen (z.\u00a0B. das Impressum, die Datenschutzerkl\u00e4rung, AGB oder verpflichtende Belehrungen von Verbrauchern) handelt. Wir behalten uns vor, die Inhalte vollst\u00e4ndig oder teilweise zu \u00e4ndern oder zu l\u00f6schen, soweit vertragliche Verpflichtungen unber\u00fchrt bleiben. Alle Angebote sind freibleibend und unverbindlich.<\/p>\n<p>Links auf fremde Webseiten: Die Inhalte fremder Webseiten, auf die wir direkt oder indirekt verweisen, liegen au\u00dferhalb unseres Verantwortungsbereiches und wir machen sie uns nicht zu Eigen. F\u00fcr alle Inhalte und Nachteile, die aus der Nutzung der in den verlinkten Webseiten aufrufbaren Informationen entstehen, \u00fcbernehmen wir keine Verantwortung.<\/p>\n<p>Urheberrechte und Markenrechte: Alle auf dieser Website dargestellten Inhalte, wie Texte, Fotografien, Grafiken, Marken und Warenzeichen sind durch die jeweiligen Schutzrechte (Urheberrechte, Markenrechte) gesch\u00fctzt. Die Verwendung, Vervielf\u00e4ltigung usw. unterliegen unseren Rechten oder den Rechten der jeweiligen Urheber bzw. Rechteinhaber.<\/p>\n<h4 id=\"m169\">Bildnachweise<\/h4>\n<p>Bildquellen und Urheberrechtshinweise:<\/p>\n<p>Dieses Seite verwendet eigene Bilder, sowie Bilder von Envato Elements. Alle verwendeten Bilder von Envato Elements wurden f\u00fcr diese Seite lizensiert, ein expliziter Bildnachweis ist nicht n\u00f6tig. Die Lizensbestimmungen k\u00f6nnen unter <a href=\"https:\/\/elements.envato.com\/de\/license-terms\" target=\"_blank\" rel=\"noopener\">https:\/\/elements.envato.com\/de\/license-terms<\/a> eingesehen werden.[\/et_pb_text][\/et_pb_column][\/et_pb_row][\/et_pb_section]<\/p>","protected":false},"excerpt":{"rendered":"<p>Impressum &nbsp; Diensteanbieter MindsMerger GmbH Hansaallee 190 40547 D\u00fcsseldorf Germany Gesch\u00e4ftsf\u00fchrer: Houssam Sammour Registergericht: Amtsgericht D\u00fcsseldorf Registernummer: HRB 97577 Kontaktm\u00f6glichkeiten E-Mail-Adresse: contact@mindsmerger.com Telefon: +49 173 73 63 292 Kontaktformular: https:\/\/mindsmerger.com\/contact\/ Haftungs- und Schutzrechtshinweise Haftungsausschluss: Die Inhalte dieses Onlineangebotes wurden sorgf\u00e4ltig und nach unserem aktuellen Kenntnisstand erstellt, dienen jedoch nur der Information und entfalten keine rechtlich [&hellip;]<\/p>","protected":false},"author":1,"featured_media":0,"parent":0,"menu_order":0,"comment_status":"closed","ping_status":"closed","template":"","meta":{"_et_pb_use_builder":"on","_et_pb_old_content":"<!-- wp:divi\/placeholder \/-->","_et_gb_content_width":"","footnotes":""},"class_list":["post-216","page","type-page","status-publish","hentry"],"_links":{"self":[{"href":"https:\/\/mindsmerger.com\/de\/wp-json\/wp\/v2\/pages\/216","targetHints":{"allow":["GET"]}}],"collection":[{"href":"https:\/\/mindsmerger.com\/de\/wp-json\/wp\/v2\/pages"}],"about":[{"href":"https:\/\/mindsmerger.com\/de\/wp-json\/wp\/v2\/types\/page"}],"author":[{"embeddable":true,"href":"https:\/\/mindsmerger.com\/de\/wp-json\/wp\/v2\/users\/1"}],"replies":[{"embeddable":true,"href":"https:\/\/mindsmerger.com\/de\/wp-json\/wp\/v2\/comments?post=216"}],"version-history":[{"count":0,"href":"https:\/\/mindsmerger.com\/de\/wp-json\/wp\/v2\/pages\/216\/revisions"}],"wp:attachment":[{"href":"https:\/\/mindsmerger.com\/de\/wp-json\/wp\/v2\/media?parent=216"}],"curies":[{"name":"wp","href":"https:\/\/api.w.org\/{rel}","templated":true}]}}