{"id":13,"date":"2024-10-16T13:29:28","date_gmt":"2024-10-16T11:29:28","guid":{"rendered":"https:\/\/mm.lankau.net\/?page_id=13"},"modified":"2025-02-06T12:48:57","modified_gmt":"2025-02-06T11:48:57","slug":"services","status":"publish","type":"page","link":"https:\/\/mindsmerger.com\/de\/services\/","title":{"rendered":"Leistungen"},"content":{"rendered":"<p>[et_pb_section fb_built=&#8221;1&#8243; _builder_version=&#8221;4.27.3&#8243; _module_preset=&#8221;447263c4-e357-4559-9f7b-894f61b2977f&#8221; use_background_color_gradient=&#8221;off&#8221; background_image=&#8221;https:\/\/mindsmerger.com\/wp-content\/uploads\/2024\/11\/generative-ai-lowangle-image-modern-office-buildings-with-urban-architecture-financial-sector.jpg&#8221; custom_padding=&#8221;69px||424px|||&#8221; global_colors_info=&#8221;{%22gcid-7690f91f-672e-4d1f-bd75-3ed4023201b5%22:%91%22background_color%22,%22background_color_2%22,%22border_color_all%22,%22background_color%22,%22border_color_all%22%93,%22gcid-24bc774b-76d8-4fae-b57f-2dc1c9277937%22:%91%22background_color_gradient_stops%22,%22background_color_gradient_stops%22%93}&#8221;][et_pb_row column_structure=&#8221;1_4,3_4&#8243; _builder_version=&#8221;4.27.3&#8243; _module_preset=&#8221;default&#8221; global_colors_info=&#8221;{}&#8221;][et_pb_column type=&#8221;1_4&#8243; _builder_version=&#8221;4.27.3&#8243; _module_preset=&#8221;default&#8221; global_colors_info=&#8221;{}&#8221;][\/et_pb_column][et_pb_column type=&#8221;3_4&#8243; _builder_version=&#8221;4.27.3&#8243; _module_preset=&#8221;default&#8221; global_colors_info=&#8221;{}&#8221;][\/et_pb_column][\/et_pb_row][\/et_pb_section][et_pb_section fb_built=&#8221;1&#8243; _builder_version=&#8221;4.27.2&#8243; _module_preset=&#8221;default&#8221; global_colors_info=&#8221;{}&#8221;][et_pb_row _builder_version=&#8221;4.27.2&#8243; _module_preset=&#8221;default&#8221; global_colors_info=&#8221;{}&#8221;][et_pb_column type=&#8221;4_4&#8243; _builder_version=&#8221;4.27.2&#8243; _module_preset=&#8221;default&#8221; global_colors_info=&#8221;{}&#8221;][et_pb_text _builder_version=&#8221;4.27.2&#8243; _module_preset=&#8221;default&#8221; global_colors_info=&#8221;{}&#8221;]<\/p>\n<h3 class=\"p1\">Leistungen<\/h3>\n<p class=\"p1\"><strong><\/strong><\/p>\n<p class=\"p1\"><strong>Mindsmerger bietet eine umfassende Palette von Dienstleistungen an, um Unternehmen in jeder Phase ihres Wachstums zu unterst\u00fctzen. Als Experten f\u00fcr Fusionen und \u00dcbernahmen (M&amp;A) sowie f\u00fcr die Rekrutierung von F\u00fchrungskr\u00e4ften helfen wir unseren Kunden, Chancen zu nutzen, starke Teams aufzubauen und nachhaltigen Erfolg zu erzielen.<\/strong><\/p>\n<p class=\"p1\"><b><\/b><\/p>\n<p class=\"p1\"><b><\/b><\/p>\n<p class=\"p1\"><b><\/b><\/p>\n<p class=\"p1\"><b>Fusionen und Akquisitionen (M&amp;A) Dienstleistungen<\/b><\/p>\n<p class=\"p1\">we do it differently\u201c deutet darauf hin, dass sich der angebotene Ansatz f\u00fcr die Vermittlung von Fusionen und \u00dcbernahmen (M&amp;A) von den traditionellen Methoden unterscheidet. Er impliziert, dass das Unternehmen einzigartige Strategien, innovative Prozesse oder individuelle L\u00f6sungen einsetzt, die es von seinen Mitbewerbern abheben und eine neue oder nicht standardisierte Art der Abwicklung von M&amp;A-Transaktionen hervorheben.<\/p>\n<p>[\/et_pb_text][\/et_pb_column][\/et_pb_row][et_pb_row column_structure=&#8221;1_3,1_3,1_3&#8243; _builder_version=&#8221;4.27.2&#8243; _module_preset=&#8221;default&#8221; global_colors_info=&#8221;{}&#8221;][et_pb_column type=&#8221;1_3&#8243; _builder_version=&#8221;4.27.2&#8243; _module_preset=&#8221;default&#8221; global_colors_info=&#8221;{}&#8221;][et_pb_blurb title=&#8221;Buy-Side Advisory\u2028&#8221; image=&#8221;https:\/\/mindsmerger.com\/wp-content\/uploads\/2024\/11\/artificial-intelligence_900961.svg&#8221; icon_alignment=&#8221;center&#8221; _builder_version=&#8221;4.27.3&#8243; _module_preset=&#8221;8b2dd5a5-2357-4623-a09e-8c6d5e4ee0d2&#8243; header_text_align=&#8221;center&#8221; locked=&#8221;off&#8221; global_colors_info=&#8221;{}&#8221;]<\/p>\n<p style=\"text-align: center;\">Unsere Buy-Side-Dienstleistungen begleiten Investoren und Unternehmen durch den \u00dcbernahmeprozess. Wir bieten Marktforschung, Zielidentifizierung, Bewertung und Verhandlungsunterst\u00fctzung, um sicherzustellen, dass Sie die richtigen M\u00f6glichkeiten finden, die zu Ihrer Wachstumsstrategie passen.<\/p>\n<h3 style=\"text-align: center;\"><\/h3>\n<p>[\/et_pb_blurb][\/et_pb_column][et_pb_column type=&#8221;1_3&#8243; _builder_version=&#8221;4.27.2&#8243; _module_preset=&#8221;default&#8221; global_colors_info=&#8221;{}&#8221;][et_pb_blurb title=&#8221;Sell-Side Advisory&#8221; image=&#8221;https:\/\/mindsmerger.com\/wp-content\/uploads\/2024\/11\/computer_3598191.svg&#8221; icon_alignment=&#8221;center&#8221; _builder_version=&#8221;4.27.3&#8243; _module_preset=&#8221;8b2dd5a5-2357-4623-a09e-8c6d5e4ee0d2&#8243; header_text_align=&#8221;center&#8221; locked=&#8221;off&#8221; global_colors_info=&#8221;{}&#8221;]<\/p>\n<p style=\"text-align: center;\">Wir unterst\u00fctzen Unternehmenseigent\u00fcmer, die ihr Unternehmen verkaufen m\u00f6chten, mit einem umfassenden Ansatz, der die Unternehmensbewertung, die Marktpositionierung, die Identifizierung von K\u00e4ufern, die Verhandlung und den Gesch\u00e4ftsabschluss umfasst. Unser Ziel ist es, den Wert Ihres Unternehmens zu maximieren und einen reibungslosen Ablauf der Transaktion zu gew\u00e4hrleisten.<\/p>\n<h3 style=\"text-align: center;\"><\/h3>\n<p>[\/et_pb_blurb][\/et_pb_column][et_pb_column type=&#8221;1_3&#8243; _builder_version=&#8221;4.27.2&#8243; _module_preset=&#8221;default&#8221; global_colors_info=&#8221;{}&#8221;][et_pb_blurb title=&#8221;Post-Merger Integration&#8221; image=&#8221;https:\/\/mindsmerger.com\/wp-content\/uploads\/2024\/11\/information-technology_9872397.svg&#8221; icon_alignment=&#8221;center&#8221; _builder_version=&#8221;4.27.3&#8243; _module_preset=&#8221;8b2dd5a5-2357-4623-a09e-8c6d5e4ee0d2&#8243; header_text_align=&#8221;center&#8221; locked=&#8221;off&#8221; global_colors_info=&#8221;{}&#8221;]<\/p>\n<p style=\"text-align: center;\">Wir unterst\u00fctzen Unternehmen durch Beratung bei der Bew\u00e4ltigung der Komplexit\u00e4t der Zusammenlegung von Betrieben, Kulturen und Systemen. Unsere Post-Merger-Integrationsdienste konzentrieren sich darauf, Synergien zu erzielen und sicherzustellen, dass das kombinierte Unternehmen vom ersten Tag an effektiv und effizient arbeitet.<\/p>\n<h3 style=\"text-align: center;\"><\/h3>\n<p>[\/et_pb_blurb][\/et_pb_column][\/et_pb_row][\/et_pb_section][et_pb_section fb_built=&#8221;1&#8243; _builder_version=&#8221;4.27.2&#8243; _module_preset=&#8221;default&#8221; background_color=&#8221;#FFFFFF&#8221; global_colors_info=&#8221;{}&#8221;][et_pb_row _builder_version=&#8221;4.27.2&#8243; _module_preset=&#8221;default&#8221; global_colors_info=&#8221;{}&#8221;][et_pb_column type=&#8221;4_4&#8243; _builder_version=&#8221;4.27.2&#8243; _module_preset=&#8221;default&#8221; global_colors_info=&#8221;{}&#8221;][et_pb_text _builder_version=&#8221;4.27.2&#8243; _module_preset=&#8221;default&#8221; global_colors_info=&#8221;{}&#8221;]<\/p>\n<p class=\"p1\"><b>Recruiting Services<\/b><\/p>\n<p class=\"p1\">Wir machen es intelligent und ma\u00dfgeschneidert\u201c bedeutet, dass der Ansatz f\u00fcr die Rekrutierung sowohl intelligent als auch ma\u00dfgeschneidert ist. \u201eIntelligent\u201c bedeutet, dass effiziente, innovative oder strategische Methoden eingesetzt werden, um die besten Kandidaten zu finden, *w\u00e4hrend \u201ama\u00dfgeschneidert\u2018 bedeutet, dass der Prozess auf die spezifischen Bed\u00fcrfnisse des Unternehmens*** oder der Stelle zugeschnitten ist. Zusammen vermitteln sie einen Fokus auf Qualit\u00e4t und Anpassungsf\u00e4higkeit bei der Personalbeschaffung.<\/p>\n<p>[\/et_pb_text][\/et_pb_column][\/et_pb_row][et_pb_row column_structure=&#8221;1_4,1_4,1_4,1_4&#8243; _builder_version=&#8221;4.27.2&#8243; _module_preset=&#8221;default&#8221; global_colors_info=&#8221;{}&#8221;][et_pb_column type=&#8221;1_4&#8243; _builder_version=&#8221;4.27.2&#8243; _module_preset=&#8221;default&#8221; global_colors_info=&#8221;{}&#8221;][et_pb_blurb title=&#8221;Executive Search&#8221; image=&#8221;https:\/\/mindsmerger.com\/wp-content\/uploads\/2024\/11\/artificial-intelligence_910077.svg&#8221; icon_alignment=&#8221;center&#8221; _builder_version=&#8221;4.27.3&#8243; _module_preset=&#8221;8b2dd5a5-2357-4623-a09e-8c6d5e4ee0d2&#8243; header_text_align=&#8221;center&#8221; locked=&#8221;off&#8221; global_colors_info=&#8221;{}&#8221;]<\/p>\n<p style=\"text-align: center;\">Wir haben uns auf die Suche und Vermittlung von F\u00fchrungskr\u00e4ften spezialisiert, die die strategischen Ziele Ihres Unternehmens vorantreiben k\u00f6nnen. Unsere Executive-Search-Dienstleistungen konzentrieren sich auf die Suche nach F\u00fchrungskr\u00e4ften mit den richtigen F\u00e4higkeiten, Erfahrungen und der passenden Unternehmenskultur, um Ihr Unternehmen zu neuen H\u00f6hen zu f\u00fchren.<\/p>\n<h3 style=\"text-align: center;\"><\/h3>\n<p>[\/et_pb_blurb][\/et_pb_column][et_pb_column type=&#8221;1_4&#8243; _builder_version=&#8221;4.27.2&#8243; _module_preset=&#8221;default&#8221; global_colors_info=&#8221;{}&#8221;][et_pb_blurb title=&#8221;Mid-Level Management and Specialist Recruitment&#8221; image=&#8221;https:\/\/mindsmerger.com\/wp-content\/uploads\/2024\/11\/innovation_2591945.svg&#8221; icon_alignment=&#8221;center&#8221; _builder_version=&#8221;4.27.3&#8243; _module_preset=&#8221;8b2dd5a5-2357-4623-a09e-8c6d5e4ee0d2&#8243; header_text_align=&#8221;center&#8221; locked=&#8221;off&#8221; global_colors_info=&#8221;{}&#8221;]<\/p>\n<p style=\"text-align: center;\">Unsere Rekrutierungsdienstleistungen erstrecken sich auf die mittlere F\u00fchrungsebene und Fachpositionen in verschiedenen Branchen. Wir bringen Sie mit hochkar\u00e4tigen Fachkr\u00e4ften zusammen, die das n\u00f6tige Fachwissen und die n\u00f6tige Dynamik mitbringen, um Ihr Unternehmen zum Erfolg zu f\u00fchren.<\/p>\n<h3 style=\"text-align: center;\"><\/h3>\n<p>[\/et_pb_blurb][\/et_pb_column][et_pb_column type=&#8221;1_4&#8243; _builder_version=&#8221;4.27.2&#8243; _module_preset=&#8221;default&#8221; global_colors_info=&#8221;{}&#8221;][et_pb_blurb title=&#8221;*Temporary and Contract Staffing&#8221; image=&#8221;https:\/\/mindsmerger.com\/wp-content\/uploads\/2024\/11\/microchip_9751000.svg&#8221; icon_alignment=&#8221;center&#8221; _builder_version=&#8221;4.27.3&#8243; _module_preset=&#8221;8b2dd5a5-2357-4623-a09e-8c6d5e4ee0d2&#8243; header_text_align=&#8221;center&#8221; locked=&#8221;off&#8221; global_colors_info=&#8221;{}&#8221;]<\/p>\n<p style=\"text-align: center;\">Wir bieten flexible Personall\u00f6sungen f\u00fcr Ihren kurzfristigen Bedarf, sei es f\u00fcr spezielle Projekte, saisonale Anforderungen oder Interimsaufgaben. Unser Netzwerk von qualifizierten Fachkr\u00e4ften stellt sicher, dass Sie Zugang zu den richtigen Talenten haben, wenn Sie sie am meisten brauchen.<\/p>\n<h3 style=\"text-align: center;\"><\/h3>\n<p>[\/et_pb_blurb][\/et_pb_column][et_pb_column type=&#8221;1_4&#8243; _builder_version=&#8221;4.27.2&#8243; _module_preset=&#8221;default&#8221; global_colors_info=&#8221;{}&#8221;][et_pb_blurb title=&#8221;Talent Strategy and Workforce Planning\u2028&#8221; image=&#8221;https:\/\/mindsmerger.com\/wp-content\/uploads\/2024\/11\/network_18234432.svg&#8221; icon_alignment=&#8221;center&#8221; _builder_version=&#8221;4.27.3&#8243; _module_preset=&#8221;8b2dd5a5-2357-4623-a09e-8c6d5e4ee0d2&#8243; header_text_align=&#8221;center&#8221; locked=&#8221;off&#8221; global_colors_info=&#8221;{}&#8221;]<\/p>\n<p style=\"text-align: center;\">\u00dcber die Rekrutierung hinaus bieten wir Beratungsdienste an, um Unternehmen bei der Optimierung ihrer Talentakquisitionsstrategie, der Verbesserung der Bindungsquoten und dem Aufbau einer starken Arbeitgebermarke zu unterst\u00fctzen, die Spitzenkr\u00e4fte anzieht und bindet.<\/p>\n<p>[\/et_pb_blurb][\/et_pb_column][\/et_pb_row][\/et_pb_section][et_pb_section fb_built=&#8221;1&#8243; _builder_version=&#8221;4.27.3&#8243; _module_preset=&#8221;default&#8221; background_color=&#8221;#FFFFFF&#8221; background_image=&#8221;https:\/\/mindsmerger.com\/wp-content\/uploads\/2024\/11\/the-robot-put-his-finger-to-the-head-2023-11-27-05-34-26-utc.jpg&#8221; parallax_method=&#8221;off&#8221; height=&#8221;600px&#8221; global_colors_info=&#8221;{}&#8221;][et_pb_row _builder_version=&#8221;4.27.3&#8243; _module_preset=&#8221;default&#8221; global_colors_info=&#8221;{}&#8221;][et_pb_column type=&#8221;4_4&#8243; _builder_version=&#8221;4.27.3&#8243; _module_preset=&#8221;default&#8221; global_colors_info=&#8221;{}&#8221;][\/et_pb_column][\/et_pb_row][\/et_pb_section][et_pb_section fb_built=&#8221;1&#8243; _builder_version=&#8221;4.27.2&#8243; _module_preset=&#8221;default&#8221; global_colors_info=&#8221;{}&#8221;][et_pb_row _builder_version=&#8221;4.27.2&#8243; _module_preset=&#8221;default&#8221; global_colors_info=&#8221;{}&#8221;][et_pb_column type=&#8221;4_4&#8243; _builder_version=&#8221;4.27.2&#8243; _module_preset=&#8221;default&#8221; global_colors_info=&#8221;{}&#8221;][et_pb_text _builder_version=&#8221;4.27.3&#8243; _module_preset=&#8221;default&#8221; custom_padding=&#8221;||0px|||&#8221; global_colors_info=&#8221;{}&#8221;]<\/p>\n<p class=\"p1\"><b>Innovation<\/b><\/p>\n<p>Wir liefern intelligente und ma\u00dfgeschneiderte KI-L\u00f6sungen, die branchen\u00fcbergreifend Innovationen vorantreiben. Von generativer KI und erkl\u00e4rbaren Systemen bis hin zu intelligenter Automatisierung und fertigungsorientierten Tools helfen wir Unternehmen, Kreativit\u00e4t freizusetzen, Abl\u00e4ufe zu rationalisieren und Prozesse zu optimieren. Unsere L\u00f6sungen stellen Transparenz, Effizienz und Nachhaltigkeit in den Vordergrund und bef\u00e4higen Unternehmen, in einer intelligenteren, vernetzten Zukunft zu f\u00fchren.<\/p>\n<p><em><span><strong>Unser Berater, Dr.-Ing. Ziad Youssef, CEO von Inforensiq,<\/strong> bringt jahrelange Erfahrung und Expertise in der Anwendung von K\u00fcnstlicher Intelligenz zur L\u00f6sung komplexer Herausforderungen im Bereich der digitalen Forensik mit. Sein Fokus liegt auf der Entwicklung und Implementierung fortschrittlicher AI-Modelle, die dabei helfen, Muster in gro\u00dfen Datens\u00e4tzen zu erkennen, Prozesse zu automatisieren und komplexe Datenanalysen zu optimieren. Ein weiterer wichtiger Schwerpunkt liegt auf der automatisierten Pr\u00fcfung der Compliance von KI-Modellen und -Anwendungen. Als erfahrener Unternehmer hat er technologische Ma\u00dfst\u00e4be gesetzt und Innovationen in Zusammenarbeit mit renommierten Unternehmen vorangetrieben.<\/span><\/em><\/p>\n<p><em style=\"font-size: 16px;\"><strong>Unser Berater, Ahmed Youssef, ist ein KI-Ingenieur, Doktorand und CEO von \u201eeindeutiPhy, Inc. Ohio - USA\u201c<\/strong> ist spezialisiert auf die Anwendung von maschinellem Lernen zur L\u00f6sung komplexer Probleme in der Optimierung und Datenanalyse. Mit seiner Expertise in KI-gesteuerter Modellierung, Erkl\u00e4rbarkeit und generativen L\u00f6sungen arbeitet er mit Forschern f\u00fchrender Institutionen wie MIT, CERN und Berkeley zusammen, um Spitzenforschung und industrielle Anwendungen zu verbinden. Ahmed hat auf internationalen Veranstaltungen wie NeurIPS und DeepMind Vortr\u00e4ge gehalten. Seine Arbeit konzentriert sich auf den Aufbau skalierbarer, interpretierbarer KI-Systeme, die die Effizienz und Innovation in verschiedenen Disziplinen vorantreiben, was ihm Anerkennung durch renommierte Stipendien und Auszeichnungen eingebracht hat.<\/em><\/p>\n<p>[\/et_pb_text][\/et_pb_column][\/et_pb_row][\/et_pb_section]<\/p>","protected":false},"excerpt":{"rendered":"<p>Services At Mindsmerger, we offer a comprehensive suite of services designed to support businesses at every stage of their growth journey. As experts in mergers and acquisitions (M&amp;A), executive recruiting, , we help our clients seize opportunities, build strong teams, and achieve sustainable success. Mergers and Acquisitions (M&amp;A) Services we do it differently&#8221; suggests that [&hellip;]<\/p>","protected":false},"author":1,"featured_media":0,"parent":0,"menu_order":0,"comment_status":"closed","ping_status":"closed","template":"","meta":{"_et_pb_use_builder":"on","_et_pb_old_content":"","_et_gb_content_width":"","footnotes":""},"class_list":["post-13","page","type-page","status-publish","hentry"],"_links":{"self":[{"href":"https:\/\/mindsmerger.com\/de\/wp-json\/wp\/v2\/pages\/13","targetHints":{"allow":["GET"]}}],"collection":[{"href":"https:\/\/mindsmerger.com\/de\/wp-json\/wp\/v2\/pages"}],"about":[{"href":"https:\/\/mindsmerger.com\/de\/wp-json\/wp\/v2\/types\/page"}],"author":[{"embeddable":true,"href":"https:\/\/mindsmerger.com\/de\/wp-json\/wp\/v2\/users\/1"}],"replies":[{"embeddable":true,"href":"https:\/\/mindsmerger.com\/de\/wp-json\/wp\/v2\/comments?post=13"}],"version-history":[{"count":0,"href":"https:\/\/mindsmerger.com\/de\/wp-json\/wp\/v2\/pages\/13\/revisions"}],"wp:attachment":[{"href":"https:\/\/mindsmerger.com\/de\/wp-json\/wp\/v2\/media?parent=13"}],"curies":[{"name":"wp","href":"https:\/\/api.w.org\/{rel}","templated":true}]}}