{"id":11,"date":"2024-10-16T13:29:28","date_gmt":"2024-10-16T11:29:28","guid":{"rendered":"https:\/\/mm.lankau.net\/?page_id=11"},"modified":"2025-02-12T12:06:29","modified_gmt":"2025-02-12T11:06:29","slug":"home","status":"publish","type":"page","link":"https:\/\/mindsmerger.com\/de\/","title":{"rendered":"Home"},"content":{"rendered":"<p>[et_pb_section fb_built=&#8221;1&#8243; _builder_version=&#8221;4.27.2&#8243; _module_preset=&#8221;default&#8221; background_color=&#8221;RGBA(255,255,255,0)&#8221; custom_padding=&#8221;0px||0px||true|false&#8221; sticky_position=&#8221;top&#8221; scroll_vertical_motion=&#8221;51|77|77|100|5.5|0|0&#8243; scroll_fade_enable=&#8221;on&#8221; scroll_fade=&#8221;89|95|95|100|0|100|100&#8243; motion_trigger_start=&#8221;top&#8221; border_color_bottom=&#8221;#dddddd&#8221; global_colors_info=&#8221;{}&#8221;][et_pb_row _builder_version=&#8221;4.27.2&#8243; _module_preset=&#8221;default&#8221; width=&#8221;100%&#8221; max_width=&#8221;100%&#8221; custom_margin=&#8221;0px||0px||true|false&#8221; custom_padding=&#8221;10px|0px|10px|0px|true|true&#8221; global_colors_info=&#8221;{}&#8221;][et_pb_column type=&#8221;4_4&#8243; _builder_version=&#8221;4.27.2&#8243; _module_preset=&#8221;default&#8221; global_colors_info=&#8221;{}&#8221;][et_pb_menu active_link_color=&#8221;#5C5C5C&#8221; logo=&#8221;https:\/\/mindsmerger.com\/wp-content\/uploads\/2024\/11\/Logo_Grgold.svg&#8221; logo_url=&#8221;@ET-DC@eyJkeW5hbWljIjp0cnVlLCJjb250ZW50IjoiaG9tZV91cmwiLCJzZXR0aW5ncyI6e319@&#8221; logo_width=&#8221;180px&#8221; show_cart_icon=&#8221;off&#8221; show_search_icon=&#8221;off&#8221; _builder_version=&#8221;4.27.3&#8243; _dynamic_attributes=&#8221;logo,logo_url&#8221; _module_preset=&#8221;default&#8221; menu_font=&#8221;||||||||&#8221; menu_font_size=&#8221;16px&#8221; text_orientation=&#8221;right&#8221; max_width=&#8221;100%&#8221; module_alignment=&#8221;center&#8221; custom_margin=&#8221;|0px||0px|false|true&#8221; custom_padding=&#8221;20px|50px|14px|50px|false|false&#8221; sticky_position=&#8221;top&#8221; border_radii=&#8221;off||||&#8221; border_color_bottom=&#8221;#D6D6D6&#8243; global_colors_info=&#8221;{%22gcid-primary-color%22:%91%22dropdown_menu_line_color%22,%22dropdown_menu_active_link_color%22,%22dropdown_menu_line_color%22,%22dropdown_menu_active_link_color%22,%22dropdown_menu_line_color%22,%22dropdown_menu_active_link_color%22,%22dropdown_menu_line_color%22,%22dropdown_menu_active_link_color%22%93,%22gcid-body-color%22:%91%22cart_icon_color%22,%22search_icon_color%22,%22menu_icon_color%22,%22cart_icon_color%22,%22search_icon_color%22,%22menu_icon_color%22,%22cart_icon_color%22,%22search_icon_color%22,%22menu_icon_color%22,%22cart_icon_color%22,%22search_icon_color%22,%22menu_icon_color%22,%22cart_icon_color%22,%22search_icon_color%22,%22menu_icon_color%22,%22cart_icon_color%22,%22search_icon_color%22,%22menu_icon_color%22%93,%22gcid-heading-color%22:%91%22menu_text_color%22,%22menu_text_color%22%93,%22gcid-b2600d35-36e8-430a-9f98-753388617be2%22:%91%22dropdown_menu_bg_color%22,%22mobile_menu_bg_color%22,%22dropdown_menu_bg_color%22,%22mobile_menu_bg_color%22,%22dropdown_menu_bg_color%22,%22mobile_menu_bg_color%22,%22dropdown_menu_bg_color%22,%22mobile_menu_bg_color%22,%22dropdown_menu_bg_color%22,%22mobile_menu_bg_color%22,%22dropdown_menu_bg_color%22,%22mobile_menu_bg_color%22%93}&#8221; background__sticky_enabled=&#8221;on|desktop&#8221; background_color__sticky=&#8221;rgba(255,255,255,0.84)&#8221; background_enable_color__sticky=&#8221;on&#8221;][\/et_pb_menu][\/et_pb_column][\/et_pb_row][\/et_pb_section][et_pb_section fb_built=&#8221;1&#8243; admin_label=&#8221;About&#8221; module_id=&#8221;about&#8221; _builder_version=&#8221;4.27.3&#8243; background_color=&#8221;gcid-24bc774b-76d8-4fae-b57f-2dc1c9277937&#8243; background_enable_image=&#8221;off&#8221; parallax=&#8221;off&#8221; background_size=&#8221;custom&#8221; background_image_width=&#8221;30%&#8221; background_position=&#8221;bottom_left&#8221; background_horizontal_offset=&#8221;17%&#8221; background_vertical_offset=&#8221;-9%&#8221; custom_padding=&#8221;73px|0px|0px|0px|false|false&#8221; locked=&#8221;off&#8221; global_colors_info=&#8221;{%22gcid-24bc774b-76d8-4fae-b57f-2dc1c9277937%22:%91%22background_color%22%93}&#8221;][et_pb_row column_structure=&#8221;2_5,3_5&#8243; _builder_version=&#8221;4.27.2&#8243; custom_padding=&#8221;2px||0px|||&#8221; global_colors_info=&#8221;{}&#8221;][et_pb_column type=&#8221;2_5&#8243; _builder_version=&#8221;4.27.2&#8243; background_color=&#8221;RGBA(255,255,255,0)&#8221; background_enable_image=&#8221;off&#8221; custom_padding=&#8221;|||&#8221; global_colors_info=&#8221;{}&#8221; custom_padding__hover=&#8221;|||&#8221;][et_pb_image src=&#8221;https:\/\/mindsmerger.com\/wp-content\/uploads\/2024\/11\/robo_mm.png&#8221; title_text=&#8221;robo_mm&#8221; disabled_on=&#8221;off|off|off&#8221; _builder_version=&#8221;4.27.3&#8243; _module_preset=&#8221;default&#8221; width=&#8221;126%&#8221; custom_margin=&#8221;375px|||||&#8221; animation_direction=&#8221;left&#8221; scroll_horizontal_motion_enable=&#8221;on&#8221; scroll_horizontal_motion=&#8221;0|34|58|100|-9.5|-1|-3&#8243; overflow-x_tablet=&#8221;&#8221; overflow-x_phone=&#8221;auto&#8221; overflow-x_last_edited=&#8221;on|phone&#8221; global_colors_info=&#8221;{}&#8221;][\/et_pb_image][\/et_pb_column][et_pb_column type=&#8221;3_5&#8243; _builder_version=&#8221;4.27.2&#8243; background_color=&#8221;rgba(255,255,255,0.76)&#8221; custom_padding=&#8221;|||&#8221; global_colors_info=&#8221;{}&#8221; custom_padding__hover=&#8221;|||&#8221;][et_pb_heading title=&#8221;About&#8221; _builder_version=&#8221;4.27.2&#8243; _module_preset=&#8221;86f988b2-aee7-43ef-a01d-25254e763690&#8243; title_font=&#8221;||||||||&#8221; custom_margin=&#8221;10px||10px||false|false&#8221; custom_padding=&#8221;3px|||||&#8221; animation_style=&#8221;slide&#8221; global_colors_info=&#8221;{}&#8221;][\/et_pb_heading][et_pb_text _builder_version=&#8221;4.27.3&#8243; _module_preset=&#8221;65d59b21-0115-4eb1-9620-1cedd31bfb21&#8243; animation_style=&#8221;slide&#8221; animation_direction=&#8221;right&#8221; locked=&#8221;off&#8221; global_colors_info=&#8221;{}&#8221;]<\/p>\n<p><span>Die MindsMerger GmbH wurde 2022 in D\u00fcsseldorf gegr\u00fcndet, angetrieben von einem starken Bekenntnis zu Verantwortung und Vertrauen. Mit \u00fcber 25 Jahren Erfahrung in der IT-Branche verbinden wir fundierte Branchenkenntnisse mit einem kundenorientierten Ansatz, um optimale Ergebnisse zu erzielen.<\/span><\/p>\n<p><strong>Fusionen und \u00dcbernahmen<\/strong><\/p>\n<p><span>Wir von MindsMerger haben uns darauf spezialisiert, die Kluft zwischen K\u00e4ufern und Verk\u00e4ufern in der sich st\u00e4ndig weiterentwickelnden Welt der Fusionen und \u00dcbernahmen zu \u00fcberbr\u00fccken. Als vertrauensw\u00fcrdige M&amp;A-Makler nutzen wir unser umfangreiches Netzwerk, unsere fundierten Marktkenntnisse und unser fachm\u00e4nnisches Verhandlungsgeschick, um reibungslose, erfolgreiche Transaktionen zu arrangieren, die perfekt auf die einzigartigen Ziele und Bed\u00fcrfnisse unserer Kunden abgestimmt sind.<\/span><\/p>\n<p><strong>Organisches Wachstum<\/strong><\/p>\n<p><span>Wir sind darauf spezialisiert, Unternehmen mit den richtigen Talenten zusammenzubringen, um Wachstum, Innovation und Erfolg zu f\u00f6rdern. Unsere Leidenschaft ist es, Unternehmen dabei zu helfen, die passende Mitarbeiter zu gewinnen. Gleichzeitig unterst\u00fctzen wir Fachkr\u00e4fte dabei, ihren idealen Karriereweg zu finden, damit beide Seiten perfekt zusammenpassen.<\/span><\/p>\n<p><strong>Unsere Vision<\/strong><\/p>\n<p><span>Unser Ziel ist es, die Rolle des Maklers in der Gesch\u00e4ftswelt neu zu definieren, indem wir neue Standards f\u00fcr Spitzenleistungen, Vertrauen und Wertsch\u00f6pfung setzen. Wir streben danach, die zuverl\u00e4ssigste Br\u00fccke zwischen K\u00e4ufern und Verk\u00e4ufern sowie zwischen Unternehmen und ihrem Weg zu nachhaltigem Wachstum zu sein. Durch die F\u00f6rderung erfolgreicher Partnerschaften wollen wir Innovationen vorantreiben, das Wachstum beschleunigen sowie langfristigen Wohlstand sichern.<\/span><\/p>\n<p>[\/et_pb_text][et_pb_text _builder_version=&#8221;4.27.3&#8243; _module_preset=&#8221;65d59b21-0115-4eb1-9620-1cedd31bfb21&#8243; animation_style=&#8221;slide&#8221; animation_direction=&#8221;right&#8221; locked=&#8221;off&#8221; global_colors_info=&#8221;{}&#8221;]<\/p>\n<h6><em>Wir schaffen Werte f\u00fcr Ihr Unternehmen und Ihre Mitarbeiter. Lassen Sie uns zusammenarbeiten, um Ihre Erfolgsgeschichte zu schreiben.<\/em><\/h6>\n<p>[\/et_pb_text][\/et_pb_column][\/et_pb_row][\/et_pb_section][et_pb_section fb_built=&#8221;1&#8243; admin_label=&#8221;Services&#8221; _builder_version=&#8221;4.25.1&#8243; _module_preset=&#8221;default&#8221; locked=&#8221;off&#8221; global_colors_info=&#8221;{}&#8221;][et_pb_row _builder_version=&#8221;4.16&#8243; locked=&#8221;off&#8221; global_colors_info=&#8221;{}&#8221;][et_pb_column type=&#8221;4_4&#8243; _builder_version=&#8221;4.16&#8243; custom_padding=&#8221;|||&#8221; global_colors_info=&#8221;{}&#8221; custom_padding__hover=&#8221;|||&#8221;][et_pb_heading title=&#8221;We Got You Covered&#8221; _builder_version=&#8221;4.27.2&#8243; _module_preset=&#8221;86f988b2-aee7-43ef-a01d-25254e763690&#8243; title_text_align=&#8221;center&#8221; global_colors_info=&#8221;{}&#8221;][\/et_pb_heading][et_pb_text _builder_version=&#8221;4.27.3&#8243; _module_preset=&#8221;default&#8221; custom_padding=&#8221;||0px|||&#8221; global_colors_info=&#8221;{}&#8221;]<\/p>\n<p class=\"h5 test wow fadeInUp fadeIn\" data-wow-delay=\"0.2s\" style=\"text-align: center;\"><em>Als M&amp;A-Broker und Recruiting-Dienstleister wird unser Angebot von einem Team erfahrener IT-Business-Broker vorangetrieben, die ihre Karriere der Pflege starker professioneller Beziehungen und dem Erwerb tiefgreifender Kenntnisse \u00fcber IT-Unternehmen, Branchentrends und Einblicke in unsere Kernbereiche gewidmet haben.<\/em><\/p>\n<p>[\/et_pb_text][\/et_pb_column][\/et_pb_row][et_pb_row column_structure=&#8221;1_3,1_3,1_3&#8243; _builder_version=&#8221;4.27.2&#8243; locked=&#8221;off&#8221; global_colors_info=&#8221;{}&#8221;][et_pb_column type=&#8221;1_3&#8243; _builder_version=&#8221;4.16&#8243; custom_padding=&#8221;|||&#8221; global_colors_info=&#8221;{}&#8221; custom_padding__hover=&#8221;|||&#8221;][et_pb_accordion open_toggle_background_color=&#8221;#FFFFFF&#8221; closed_toggle_background_color=&#8221;#FFFFFF&#8221; toggle_icon=&#8221;&#x3e;||divi||400&#8243; _builder_version=&#8221;4.27.3&#8243; _module_preset=&#8221;default&#8221; toggle_font=&#8221;|600|||||||&#8221; toggle_text_align=&#8221;left&#8221; toggle_font_size=&#8221;14px&#8221; closed_toggle_font=&#8221;|||on|||||&#8221; closed_toggle_font_size=&#8221;12px&#8221; closed_toggle_line_height=&#8221;1.2em&#8221; body_font_size=&#8221;14px&#8221; body_line_height=&#8221;1.2em&#8221; border_radii=&#8221;on|10px|10px|10px|10px&#8221; border_width_all=&#8221;1px&#8221; global_colors_info=&#8221;{}&#8221;][et_pb_accordion_item title=&#8221;Cybersecurity&#8221; open=&#8221;on&#8221; _builder_version=&#8221;4.27.3&#8243; _module_preset=&#8221;default&#8221; global_colors_info=&#8221;{}&#8221;]<\/p>\n<p>Schutz von Netzen, Systemen und Daten vor digitalen Angriffen. Dazu geh\u00f6ren Strategien zur Erkennung von Bedrohungen, Sicherheitsma\u00dfnahmen wie Firewalls und Verschl\u00fcsselung sowie die Schulung von Mitarbeitern, um sicherheitsbewusstes Verhalten zu f\u00f6rdern.<\/p>\n<p>[\/et_pb_accordion_item][et_pb_accordion_item title=&#8221;Digital Media&#8221; _builder_version=&#8221;4.27.2&#8243; _module_preset=&#8221;default&#8221; global_colors_info=&#8221;{}&#8221; open=&#8221;off&#8221;]<\/p>\n<p>Entwicklung und Verwaltung von Inhalten und Plattformen im digitalen Bereich. Dazu geh\u00f6ren das Management sozialer Medien, Online-Marketing, die Erstellung von Inhalten und die strategische Planung zur Steigerung von Sichtbarkeit und Reichweite.<\/p>\n<p>[\/et_pb_accordion_item][et_pb_accordion_item title=&#8221;E-Commerce &#038; Commerce Activation&#8221; _builder_version=&#8221;4.27.2&#8243; _module_preset=&#8221;default&#8221; global_colors_info=&#8221;{}&#8221; open=&#8221;off&#8221;]<\/p>\n<p>Unterst\u00fctzung bei der Einrichtung und Optimierung von Online-Verkaufskan\u00e4len. Dazu geh\u00f6ren die Entwicklung von E-Commerce-Websites, die Zahlungsabwicklung, Kundenanalysen und Strategien zur Steigerung der Konversionsraten.<\/p>\n<p>[\/et_pb_accordion_item][\/et_pb_accordion][\/et_pb_column][et_pb_column type=&#8221;1_3&#8243; _builder_version=&#8221;4.16&#8243; custom_padding=&#8221;|||&#8221; global_colors_info=&#8221;{}&#8221; custom_padding__hover=&#8221;|||&#8221;][et_pb_accordion open_toggle_background_color=&#8221;#FFFFFF&#8221; closed_toggle_background_color=&#8221;#FFFFFF&#8221; toggle_icon=&#8221;&#x3e;||divi||400&#8243; _builder_version=&#8221;4.27.2&#8243; _module_preset=&#8221;default&#8221; toggle_font=&#8221;|600|||||||&#8221; toggle_text_align=&#8221;left&#8221; toggle_font_size=&#8221;14px&#8221; closed_toggle_font=&#8221;|||on|||||&#8221; closed_toggle_font_size=&#8221;12px&#8221; closed_toggle_line_height=&#8221;1.2em&#8221; body_font_size=&#8221;14px&#8221; body_line_height=&#8221;1.2em&#8221; border_radii=&#8221;on|10px|10px|10px|10px&#8221; border_width_all=&#8221;1px&#8221; global_colors_info=&#8221;{}&#8221;][et_pb_accordion_item title=&#8221;EdTech&#8221; open=&#8221;on&#8221; _builder_version=&#8221;4.27.2&#8243; _module_preset=&#8221;default&#8221; global_colors_info=&#8221;{}&#8221;]<\/p>\n<p>Integration von Technologie in den Bildungssektor zur Verbesserung von Lernen und Lehren. Dazu geh\u00f6ren Lernmanagementsysteme, interaktive Lernplattformen und digitale Werkzeuge, die den Zugang zur Bildung erleichtern.<\/p>\n<p>[\/et_pb_accordion_item][et_pb_accordion_item title=&#8221;Energy Technology&#8221; _builder_version=&#8221;4.27.2&#8243; _module_preset=&#8221;default&#8221; global_colors_info=&#8221;{}&#8221; open=&#8221;off&#8221;]<\/p>\n<p>Innovationen und L\u00f6sungen zur Optimierung des Energieverbrauchs und zur F\u00f6rderung nachhaltiger Energiequellen. Dazu geh\u00f6ren intelligente Netze, erneuerbare Energien und Energieeffizienztechnologien.<\/p>\n<p>[\/et_pb_accordion_item][et_pb_accordion_item title=&#8221;FinTech&#8221; _builder_version=&#8221;4.27.2&#8243; _module_preset=&#8221;default&#8221; global_colors_info=&#8221;{}&#8221; open=&#8221;off&#8221;]<\/p>\n<p>Technologische L\u00f6sungen zur Optimierung von Finanzdienstleistungen. Dazu geh\u00f6ren Mobile Banking, Blockchain-Technologien, digitaler Zahlungsverkehr und Plattformen f\u00fcr das pers\u00f6nliche Finanzmanagement.<\/p>\n<p>[\/et_pb_accordion_item][\/et_pb_accordion][\/et_pb_column][et_pb_column type=&#8221;1_3&#8243; _builder_version=&#8221;4.16&#8243; custom_padding=&#8221;|||&#8221; global_colors_info=&#8221;{}&#8221; custom_padding__hover=&#8221;|||&#8221;][et_pb_accordion open_toggle_background_color=&#8221;#FFFFFF&#8221; closed_toggle_background_color=&#8221;#FFFFFF&#8221; toggle_icon=&#8221;&#x3e;||divi||400&#8243; _builder_version=&#8221;4.27.2&#8243; _module_preset=&#8221;default&#8221; toggle_font=&#8221;|600|||||||&#8221; toggle_text_align=&#8221;left&#8221; toggle_font_size=&#8221;14px&#8221; closed_toggle_font=&#8221;|||on|||||&#8221; closed_toggle_font_size=&#8221;12px&#8221; closed_toggle_line_height=&#8221;1.2em&#8221; body_font_size=&#8221;14px&#8221; body_line_height=&#8221;1.2em&#8221; border_radii=&#8221;on|10px|10px|10px|10px&#8221; border_width_all=&#8221;1px&#8221; locked=&#8221;off&#8221; global_colors_info=&#8221;{}&#8221;][et_pb_accordion_item title=&#8221;Health Technology&#8221; open=&#8221;on&#8221; _builder_version=&#8221;4.27.2&#8243; _module_preset=&#8221;default&#8221; global_colors_info=&#8221;{}&#8221;]<\/p>\n<p>Technologien zur Verbesserung des Gesundheitswesens und der Patientenversorgung. Dazu geh\u00f6ren Telemedizin, elektronische Gesundheitsakten und Gesundheits-Apps zur \u00dcberwachung von Vitaldaten.<\/p>\n<p>[\/et_pb_accordion_item][et_pb_accordion_item title=&#8221;HR Technology&#8221; _builder_version=&#8221;4.27.2&#8243; _module_preset=&#8221;default&#8221; global_colors_info=&#8221;{}&#8221; open=&#8221;off&#8221;]<\/p>\n<p>Digitale L\u00f6sungen zur Unterst\u00fctzung der Personalverwaltung und -entwicklung. Dazu geh\u00f6ren Rekrutierungstools, Personalverwaltungssysteme und Plattformen f\u00fcr Mitarbeiterengagement und Schulungen.<\/p>\n<p>[\/et_pb_accordion_item][et_pb_accordion_item title=&#8221;Information Technology&#8221; _builder_version=&#8221;4.27.2&#8243; _module_preset=&#8221;default&#8221; global_colors_info=&#8221;{}&#8221; open=&#8221;off&#8221;]<\/p>\n<p>Umfassende IT-L\u00f6sungen zur Unterst\u00fctzung von Gesch\u00e4ftsprozessen. Dazu geh\u00f6ren Infrastrukturmanagement, Cloud-Dienste, Datenanalyse und Softwareentwicklung.<\/p>\n<p>[\/et_pb_accordion_item][\/et_pb_accordion][\/et_pb_column][\/et_pb_row][et_pb_row _builder_version=&#8221;4.16&#8243; global_colors_info=&#8221;{}&#8221;][et_pb_column type=&#8221;4_4&#8243; _builder_version=&#8221;4.16&#8243; custom_padding=&#8221;|||&#8221; global_colors_info=&#8221;{}&#8221; custom_padding__hover=&#8221;|||&#8221;][et_pb_button button_url=&#8221;@ET-DC@eyJkeW5hbWljIjp0cnVlLCJjb250ZW50IjoicG9zdF9saW5rX3VybF9wYWdlIiwic2V0dGluZ3MiOnsicG9zdF9pZCI6IjEzIn19@&#8221; button_text=&#8221;Explore Our Services&#8221; button_alignment=&#8221;center&#8221; _builder_version=&#8221;4.27.4&#8243; _dynamic_attributes=&#8221;button_url&#8221; _module_preset=&#8221;7646839c-9fb8-46bc-ad60-735e2e3f36bc&#8221; button_border_radius=&#8221;10px&#8221; locked=&#8221;off&#8221; global_colors_info=&#8221;{%22gcid-b2600d35-36e8-430a-9f98-753388617be2%22:%91%22button_text_color%22%93,%22gcid-primary-color%22:%91%22button_bg_color%22%93}&#8221;][\/et_pb_button][\/et_pb_column][\/et_pb_row][\/et_pb_section][et_pb_section fb_built=&#8221;1&#8243; admin_label=&#8221;Call to Action&#8221; _builder_version=&#8221;4.27.3&#8243; _module_preset=&#8221;447263c4-e357-4559-9f7b-894f61b2977f&#8221; background_color_gradient_overlays_image=&#8221;off&#8221; background_image=&#8221;https:\/\/mindsmerger.com\/wp-content\/uploads\/2024\/11\/low-angle-view-modern-buildings-against-sky-2.png&#8221; parallax=&#8221;off&#8221; background_position=&#8221;top_center&#8221; background_vertical_offset=&#8221;17%&#8221; height=&#8221;903px&#8221; custom_padding=&#8221;128px||191px|||&#8221; border_color_all=&#8221;gcid-7690f91f-672e-4d1f-bd75-3ed4023201b5&#8243; border_width_right=&#8221;0vw&#8221; locked=&#8221;off&#8221; global_colors_info=&#8221;{%22gcid-7690f91f-672e-4d1f-bd75-3ed4023201b5%22:%91%22background_color%22,%22border_color_all%22%93,%22gcid-3d523871-9c87-4cf9-b2bf-1b23f7b46544%22:%91%22background_color_gradient_stops%22%93,%22gcid-7b58c881-6f2f-45ab-a8a7-a41fee04a580%22:%91%22background_color_gradient_stops%22%93,%22gcid-24bc774b-76d8-4fae-b57f-2dc1c9277937%22:%91%22background_color_gradient_stops%22%93}&#8221;][et_pb_row column_structure=&#8221;2_3,1_3&#8243; use_custom_gutter=&#8221;on&#8221; custom_padding_last_edited=&#8221;on|desktop&#8221; _builder_version=&#8221;4.27.4&#8243; background_color=&#8221;RGBA(255,255,255,0)&#8221; max_width=&#8221;967px&#8221; custom_padding=&#8221;7px|60px|60px|60px|false|true&#8221; custom_padding_tablet=&#8221;30px|30px||30px|false|true&#8221; custom_padding_phone=&#8221;20px|20px||20px|false|true&#8221; hover_enabled=&#8221;0&#8243; background_color_phone=&#8221;rgba(255,255,255,0)&#8221; background_last_edited=&#8221;on|phone&#8221; background_enable_color_phone=&#8221;on&#8221; border_radii=&#8221;on|30px|30px|30px|30px&#8221; use_custom_width=&#8221;on&#8221; custom_width_px=&#8221;600px&#8221; global_colors_info=&#8221;{%22gcid-e8b91008-1940-4879-ae56-3616297cb1f8%22:%91%22border_color_all%22%93}&#8221; sticky_enabled=&#8221;0&#8243;][et_pb_column type=&#8221;2_3&#8243; _builder_version=&#8221;4.16&#8243; custom_padding=&#8221;|||&#8221; global_colors_info=&#8221;{}&#8221; custom_padding__hover=&#8221;|||&#8221;][et_pb_heading title=&#8221;Get a Free Consultation&#8221; _builder_version=&#8221;4.27.3&#8243; _module_preset=&#8221;86f988b2-aee7-43ef-a01d-25254e763690&#8243; title_font_size=&#8221;49px&#8221; locked=&#8221;off&#8221; global_colors_info=&#8221;{}&#8221;][\/et_pb_heading][\/et_pb_column][et_pb_column type=&#8221;1_3&#8243; _builder_version=&#8221;4.27.2&#8243; background_color=&#8221;RGBA(255,255,255,0)&#8221; custom_padding=&#8221;|||&#8221; global_colors_info=&#8221;{}&#8221; custom_padding__hover=&#8221;|||&#8221;][et_pb_text _builder_version=&#8221;4.27.3&#8243; _module_preset=&#8221;default&#8221; global_colors_info=&#8221;{}&#8221;]<\/p>\n<p class=\"h3 wow animate__fadeInUp\"><strong>MindsMerger GmbH<\/strong><\/p>\n<p class=\"h3 wow animate__fadeInUp\">Hansaallee 190<br \/>40547 D\u00fcsseldorf<br \/>Germany<\/p>\n<p>[\/et_pb_text][et_pb_button button_url=&#8221;@ET-DC@eyJkeW5hbWljIjp0cnVlLCJjb250ZW50IjoicG9zdF9saW5rX3VybF9wYWdlIiwic2V0dGluZ3MiOnsicG9zdF9pZCI6IjkifX0=@&#8221; button_text=&#8221;Get in Touch&#8221; button_alignment=&#8221;left&#8221; _builder_version=&#8221;4.27.3&#8243; _dynamic_attributes=&#8221;button_url&#8221; _module_preset=&#8221;f2a26907-929b-4dc7-9b22-5c341ab760a8&#8243; button_border_radius=&#8221;8px&#8221; custom_margin_tablet=&#8221;|-30px|||false|false&#8221; custom_margin_phone=&#8221;|-20px|||false|false&#8221; custom_margin_last_edited=&#8221;off|desktop&#8221; locked=&#8221;off&#8221; global_colors_info=&#8221;{}&#8221;][\/et_pb_button][\/et_pb_column][\/et_pb_row][\/et_pb_section]<\/p>","protected":false},"excerpt":{"rendered":"<p>MindsMerger GmbH was founded in 2022 in D\u00fcsseldorf, driven by a strong commitment to responsibility and trust. With over 25 years of experience in the IT sector, we blend deep industry expertise with a client-centric approach to deliver exceptional results. Mergers and Acquisitions At MindsMerger, we specialize in bridging the gap between buyers and sellers [&hellip;]<\/p>","protected":false},"author":1,"featured_media":0,"parent":0,"menu_order":0,"comment_status":"closed","ping_status":"closed","template":"","meta":{"_et_pb_use_builder":"on","_et_pb_old_content":"","_et_gb_content_width":"","footnotes":""},"class_list":["post-11","page","type-page","status-publish","hentry"],"_links":{"self":[{"href":"https:\/\/mindsmerger.com\/de\/wp-json\/wp\/v2\/pages\/11","targetHints":{"allow":["GET"]}}],"collection":[{"href":"https:\/\/mindsmerger.com\/de\/wp-json\/wp\/v2\/pages"}],"about":[{"href":"https:\/\/mindsmerger.com\/de\/wp-json\/wp\/v2\/types\/page"}],"author":[{"embeddable":true,"href":"https:\/\/mindsmerger.com\/de\/wp-json\/wp\/v2\/users\/1"}],"replies":[{"embeddable":true,"href":"https:\/\/mindsmerger.com\/de\/wp-json\/wp\/v2\/comments?post=11"}],"version-history":[{"count":0,"href":"https:\/\/mindsmerger.com\/de\/wp-json\/wp\/v2\/pages\/11\/revisions"}],"wp:attachment":[{"href":"https:\/\/mindsmerger.com\/de\/wp-json\/wp\/v2\/media?parent=11"}],"curies":[{"name":"wp","href":"https:\/\/api.w.org\/{rel}","templated":true}]}}